{"id":199,"date":"2023-02-21T07:43:03","date_gmt":"2023-02-21T07:43:03","guid":{"rendered":"https:\/\/zid-test-04.uni-ak.ac.at\/?page_id=199"},"modified":"2023-04-12T06:57:42","modified_gmt":"2023-04-12T06:57:42","slug":"impressum","status":"publish","type":"page","link":"https:\/\/zid-test-04.uni-ak.ac.at\/index.php\/impressum\/","title":{"rendered":"Impressum"},"content":{"rendered":"<p>[et_pb_section fb_built=&#8220;1&#8243; admin_label=&#8220;Header&#8220; _builder_version=&#8220;4.20.0&#8243; _module_preset=&#8220;default&#8220; background_color=&#8220;#FFFFFF&#8220; collapsed=&#8220;on&#8220; global_colors_info=&#8220;{}&#8220;][\/et_pb_section][et_pb_section fb_built=&#8220;1&#8243; custom_padding_last_edited=&#8220;on|tablet&#8220; _builder_version=&#8220;4.20.0&#8243; _module_preset=&#8220;default&#8220; background_color=&#8220;gcid-f4456b1a-3981-4d56-b88c-d51786b63b7b&#8220; background_size=&#8220;custom&#8220; background_image_width=&#8220;14%&#8220; background_position=&#8220;bottom_left&#8220; custom_padding=&#8220;6vw||6vw||true|false&#8220; custom_padding_tablet=&#8220;|||10vw|true|false&#8220; custom_padding_phone=&#8220;|||10vw|true|false&#8220; global_colors_info=&#8220;{%22gcid-f4456b1a-3981-4d56-b88c-d51786b63b7b%22:%91%22background_color%22%93}&#8220;][et_pb_row column_structure=&#8220;2_5,3_5&#8243; _builder_version=&#8220;4.19.2&#8243; _module_preset=&#8220;default&#8220; global_colors_info=&#8220;{}&#8220;][et_pb_column type=&#8220;2_5&#8243; _builder_version=&#8220;4.19.2&#8243; _module_preset=&#8220;default&#8220; global_colors_info=&#8220;{}&#8220;][\/et_pb_column][et_pb_column type=&#8220;3_5&#8243; _builder_version=&#8220;4.19.2&#8243; _module_preset=&#8220;default&#8220; global_colors_info=&#8220;{}&#8220;][et_pb_text _builder_version=&#8220;4.20.0&#8243; _module_preset=&#8220;b4cf0a37-d325-4033-a0a4-01e6bb00b25a&#8220; text_text_color=&#8220;#FFFFFF&#8220; background_layout=&#8220;dark&#8220; global_colors_info=&#8220;{}&#8220;]<\/p>\n<h2 class=\"elementor-heading-title elementor-size-default\">Impressum<\/h2>\n<p>[\/et_pb_text][et_pb_text _builder_version=&#8220;4.20.0&#8243; _module_preset=&#8220;9ee4e07a-5720-4d37-82bd-886f46a83bf1&#8243; text_text_color=&#8220;#FFFFFF&#8220; background_layout=&#8220;dark&#8220; locked=&#8220;off&#8220; global_colors_info=&#8220;{}&#8220;]<\/p>\n<p>Offenlegung gem. \u00a7 25 Mediengesetz \u2013 Verantwortlich f\u00fcr den Inhalt dieser Seite:<\/p>\n<p>&nbsp;<\/p>\n<p>&nbsp;<\/p>\n<p>Universit\u00e4t f\u00fcr angewandte Kunst Wien<br \/>Zentraler Informatikdienst<br \/>Oskar Kokoschka-Platz 2<br \/>1010 Wien<br \/>\u00d6sterreich<\/p>\n<p>&nbsp;<\/p>\n<p>&nbsp;<\/p>\n<p>T +43 1 711 33 2107<br \/><a href=\"mailto:helpdesk@uni-ak.ac.at\">helpdesk@uni-ak.ac.at<\/a><br \/><a href=\"https:\/\/zid.uni-ak.ac.at\/\">https:\/\/zid.uni-ak.ac.at<\/a><\/p>\n<p>&nbsp;<\/p>\n<p>&nbsp;<\/p>\n<p>Der Zentrale Informatikdienst (ZID) \u00fcbernimmt keine Haftung f\u00fcr den Inhalt verlinkter Webseiten.<\/p>\n<p>[\/et_pb_text][\/et_pb_column][\/et_pb_row][\/et_pb_section]<\/p>\n","protected":false},"excerpt":{"rendered":"<p>ImpressumOffenlegung gem. \u00a7 25 Mediengesetz \u2013 Verantwortlich f\u00fcr den Inhalt dieser Seite: &nbsp; &nbsp; Universit\u00e4t f\u00fcr angewandte Kunst WienZentraler InformatikdienstOskar Kokoschka-Platz 21010 Wien\u00d6sterreich &nbsp; &nbsp; T +43 1 711 33 2107helpdesk@uni-ak.ac.athttps:\/\/zid.uni-ak.ac.at &nbsp; &nbsp; Der Zentrale Informatikdienst (ZID) \u00fcbernimmt keine Haftung f\u00fcr den Inhalt verlinkter Webseiten.<\/p>\n","protected":false},"author":1,"featured_media":0,"parent":0,"menu_order":0,"comment_status":"closed","ping_status":"closed","template":"","meta":{"_et_pb_use_builder":"on","_et_pb_old_content":"","_et_gb_content_width":"","footnotes":""},"class_list":["post-199","page","type-page","status-publish","hentry"],"_links":{"self":[{"href":"https:\/\/zid-test-04.uni-ak.ac.at\/index.php\/wp-json\/wp\/v2\/pages\/199","targetHints":{"allow":["GET"]}}],"collection":[{"href":"https:\/\/zid-test-04.uni-ak.ac.at\/index.php\/wp-json\/wp\/v2\/pages"}],"about":[{"href":"https:\/\/zid-test-04.uni-ak.ac.at\/index.php\/wp-json\/wp\/v2\/types\/page"}],"author":[{"embeddable":true,"href":"https:\/\/zid-test-04.uni-ak.ac.at\/index.php\/wp-json\/wp\/v2\/users\/1"}],"replies":[{"embeddable":true,"href":"https:\/\/zid-test-04.uni-ak.ac.at\/index.php\/wp-json\/wp\/v2\/comments?post=199"}],"version-history":[{"count":4,"href":"https:\/\/zid-test-04.uni-ak.ac.at\/index.php\/wp-json\/wp\/v2\/pages\/199\/revisions"}],"predecessor-version":[{"id":6018,"href":"https:\/\/zid-test-04.uni-ak.ac.at\/index.php\/wp-json\/wp\/v2\/pages\/199\/revisions\/6018"}],"wp:attachment":[{"href":"https:\/\/zid-test-04.uni-ak.ac.at\/index.php\/wp-json\/wp\/v2\/media?parent=199"}],"curies":[{"name":"wp","href":"https:\/\/api.w.org\/{rel}","templated":true}]}}