{"id":208,"date":"2023-02-21T08:57:30","date_gmt":"2023-02-21T08:57:30","guid":{"rendered":"https:\/\/zid-test-04.uni-ak.ac.at\/?page_id=208"},"modified":"2023-05-22T08:04:54","modified_gmt":"2023-05-22T08:04:54","slug":"kontakt","status":"publish","type":"page","link":"https:\/\/zid-test-04.uni-ak.ac.at\/index.php\/kontakt\/","title":{"rendered":"Kontakt"},"content":{"rendered":"<p>[et_pb_section fb_built=&#8220;1&#8243; admin_label=&#8220;Header&#8220; _builder_version=&#8220;4.20.0&#8243; _module_preset=&#8220;default&#8220; background_color=&#8220;#FFFFFF&#8220; use_background_color_gradient=&#8220;on&#8220; background_color_gradient_stops=&#8220;rgba(9,9,21,0) 0%|gcid-9ae412ef-a7ae-42a5-ab5b-f691fccab059 60%&#8220; background_color_gradient_overlays_image=&#8220;on&#8220; background_enable_image=&#8220;off&#8220; background_size=&#8220;initial&#8220; background_position=&#8220;top_center&#8220; custom_padding=&#8220;||264px|||&#8220; collapsed=&#8220;on&#8220; global_colors_info=&#8220;{%22gcid-9ae412ef-a7ae-42a5-ab5b-f691fccab059%22:%91%22background_color_gradient_stops%22%93}&#8220;][et_pb_row _builder_version=&#8220;4.20.0&#8243; _module_preset=&#8220;default&#8220; global_colors_info=&#8220;{}&#8220;][et_pb_column type=&#8220;4_4&#8243; _builder_version=&#8220;4.20.0&#8243; _module_preset=&#8220;default&#8220; global_colors_info=&#8220;{}&#8220;][\/et_pb_column][\/et_pb_row][et_pb_row column_structure=&#8220;2_3,1_3&#8243; _builder_version=&#8220;4.19.2&#8243; _module_preset=&#8220;default&#8220; custom_padding=&#8220;121px|||||&#8220; global_colors_info=&#8220;{}&#8220;][et_pb_column type=&#8220;2_3&#8243; _builder_version=&#8220;4.19.2&#8243; _module_preset=&#8220;default&#8220; global_colors_info=&#8220;{}&#8220;][et_pb_text _builder_version=&#8220;4.21.0&#8243; _module_preset=&#8220;475dade4-4276-4791-8c22-86c28980c04d&#8220; text_text_color=&#8220;#000000&#8243; header_text_color=&#8220;#000000&#8243; background_color=&#8220;#FFFFFF&#8220; custom_margin=&#8220;||10px||false|false&#8220; global_colors_info=&#8220;{}&#8220;]<\/p>\n<h1>Kontakt<\/h1>\n<p>[\/et_pb_text][et_pb_text _builder_version=&#8220;4.20.0&#8243; _module_preset=&#8220;6cedeae2-3f7a-4e3c-ab30-9f325ae9a24b&#8220; text_text_color=&#8220;#000000&#8243; global_colors_info=&#8220;{}&#8220;]<\/p>\n<p>Wir sind eine umfassende Anlaufstelle f\u00fcr alle Belange rund um die Informationstechnologie und stehen Ihnen mit Rat und Tat zur Seite. Egal, ob Sie technische Unterst\u00fctzung ben\u00f6tigen, sich \u00fcber unsere Dienstleistungen informieren m\u00f6chten oder einfach eine Anregung haben &#8211; unser freundliches und kompetentes Team freut sich darauf, Ihnen weiterzuhelfen. Z\u00f6gern Sie nicht, uns zu kontaktieren, wir helfen Ihnen gerne weiter.<\/p>\n<p>[\/et_pb_text][\/et_pb_column][et_pb_column type=&#8220;1_3&#8243; _builder_version=&#8220;4.19.2&#8243; _module_preset=&#8220;default&#8220; global_colors_info=&#8220;{}&#8220;][et_pb_image src=&#8220;https:\/\/zid-test-04.uni-ak.ac.at\/wp-content\/uploads\/2023\/04\/Logo_Angewandte_transparent.png&#8220; title_text=&#8220;Logo_Angewandte_transparent&#8220; _builder_version=&#8220;4.21.0&#8243; _module_preset=&#8220;default&#8220; custom_padding=&#8220;122px||||false|false&#8220; custom_padding_tablet=&#8220;38px||||false|false&#8220; custom_padding_phone=&#8220;38px||||false|false&#8220; custom_padding_last_edited=&#8220;on|phone&#8220; global_colors_info=&#8220;{}&#8220;][\/et_pb_image][\/et_pb_column][\/et_pb_row][et_pb_row column_structure=&#8220;1_3,1_3,1_3&#8243; _builder_version=&#8220;4.21.0&#8243; _module_preset=&#8220;default&#8220; saved_tabs=&#8220;all&#8220; locked=&#8220;off&#8220; global_colors_info=&#8220;{}&#8220;][et_pb_column type=&#8220;1_3&#8243; _builder_version=&#8220;4.21.0&#8243; _module_preset=&#8220;default&#8220; use_background_color_gradient=&#8220;on&#8220; background_color_gradient_direction=&#8220;210deg&#8220; background_color_gradient_stops=&#8220;rgba(255,255,255,0.1) 20%|rgba(255,255,255,0) 70%&#8220; custom_padding=&#8220;30px|30px|30px|30px|true|true&#8220; custom_padding_tablet=&#8220;30px|30px|30px|30px|true|true&#8220; custom_padding_phone=&#8220;20px|20px|20px|20px|true|true&#8220; custom_padding_last_edited=&#8220;on|desktop&#8220; border_radii=&#8220;on|30px|30px|30px|30px&#8220; box_shadow_style=&#8220;preset4&#8243; box_shadow_horizontal=&#8220;22px&#8220; box_shadow_vertical=&#8220;2px&#8220; box_shadow_blur=&#8220;80px&#8220; box_shadow_spread=&#8220;-12px&#8220; box_shadow_color=&#8220;rgba(9,9,21,0.35)&#8220; global_colors_info=&#8220;{}&#8220; transform_styles__hover_enabled=&#8220;on|hover&#8220; transform_scale__hover_enabled=&#8220;on|hover&#8220; transform_translate__hover_enabled=&#8220;on|desktop&#8220; transform_rotate__hover_enabled=&#8220;on|desktop&#8220; transform_skew__hover_enabled=&#8220;on|desktop&#8220; transform_origin__hover_enabled=&#8220;on|desktop&#8220; transform_scale__hover=&#8220;104%|104%&#8220;][et_pb_blurb use_icon=&#8220;on&#8220; font_icon=&#8220;&#xf879;||fa||900&#8243; icon_color=&#8220;#000000&#8243; _builder_version=&#8220;4.20.0&#8243; _module_preset=&#8220;dc4f2a60-773e-445d-845a-e8885fcc51dc&#8220; custom_margin=&#8220;||0px||false|false&#8220; locked=&#8220;off&#8220; global_colors_info=&#8220;{}&#8220;][\/et_pb_blurb][et_pb_text _builder_version=&#8220;4.20.0&#8243; _module_preset=&#8220;93462090-e93f-4cdd-961d-1459e8f3c1d9&#8243; text_text_color=&#8220;#000000&#8243; header_text_color=&#8220;#000000&#8243; header_4_text_color=&#8220;#000000&#8243; custom_margin=&#8220;||0px||false|false&#8220; global_colors_info=&#8220;{}&#8220;]<\/p>\n<h4>Telefon Support<\/h4>\n<p>[\/et_pb_text][et_pb_text _builder_version=&#8220;4.20.0&#8243; _module_preset=&#8220;6cedeae2-3f7a-4e3c-ab30-9f325ae9a24b&#8220; text_text_color=&#8220;#000000&#8243; global_colors_info=&#8220;{}&#8220;]<\/p>\n<p>Akut Hilfe bei IT-Problemen. Remotezugriff auf Uni-Rechner. Weiterleitung einer Anfrage zur richtigen Kontaktperson.<\/p>\n<p>[\/et_pb_text][et_pb_text _builder_version=&#8220;4.20.0&#8243; _module_preset=&#8220;8d2ae6b5-ac91-4efc-842e-c7d5ee692ae3&#8243; text_text_color=&#8220;#000000&#8243; global_colors_info=&#8220;{}&#8220;]<\/p>\n<p>+43 1 711 33 2107<\/p>\n<p>[\/et_pb_text][\/et_pb_column][et_pb_column type=&#8220;1_3&#8243; _builder_version=&#8220;4.19.2&#8243; _module_preset=&#8220;default&#8220; use_background_color_gradient=&#8220;on&#8220; background_color_gradient_direction=&#8220;210deg&#8220; background_color_gradient_stops=&#8220;rgba(255,255,255,0.1) 20%|rgba(255,255,255,0) 70%&#8220; custom_padding=&#8220;30px|30px|30px|30px|true|true&#8220; custom_padding_tablet=&#8220;30px|30px|30px|30px|true|true&#8220; custom_padding_phone=&#8220;20px|20px|20px|20px|true|true&#8220; custom_padding_last_edited=&#8220;on|desktop&#8220; border_radii=&#8220;on|30px|30px|30px|30px&#8220; box_shadow_style=&#8220;preset4&#8243; box_shadow_horizontal=&#8220;22px&#8220; box_shadow_vertical=&#8220;2px&#8220; box_shadow_blur=&#8220;80px&#8220; box_shadow_spread=&#8220;-12px&#8220; box_shadow_color=&#8220;rgba(9,9,21,0.35)&#8220; global_colors_info=&#8220;{}&#8220; transform_styles__hover_enabled=&#8220;on|hover&#8220; transform_scale__hover=&#8220;104%|104%&#8220; transform_scale__hover_enabled=&#8220;on|hover&#8220; transform_translate__hover_enabled=&#8220;on|desktop&#8220; transform_rotate__hover_enabled=&#8220;on|desktop&#8220; transform_skew__hover_enabled=&#8220;on|desktop&#8220; transform_origin__hover_enabled=&#8220;on|desktop&#8220;][et_pb_blurb use_icon=&#8220;on&#8220; font_icon=&#8220;&#xe010;||divi||400&#8243; icon_color=&#8220;#000000&#8243; _builder_version=&#8220;4.20.0&#8243; _module_preset=&#8220;dc4f2a60-773e-445d-845a-e8885fcc51dc&#8220; custom_margin=&#8220;||0px||false|false&#8220; locked=&#8220;off&#8220; global_colors_info=&#8220;{}&#8220;][\/et_pb_blurb][et_pb_text _builder_version=&#8220;4.20.0&#8243; _module_preset=&#8220;93462090-e93f-4cdd-961d-1459e8f3c1d9&#8243; header_text_color=&#8220;#000000&#8243; header_4_text_color=&#8220;#000000&#8243; custom_margin=&#8220;||0px||false|false&#8220; locked=&#8220;off&#8220; global_colors_info=&#8220;{}&#8220;]<\/p>\n<h4>Ticket System<\/h4>\n<p>[\/et_pb_text][et_pb_text _builder_version=&#8220;4.21.0&#8243; _module_preset=&#8220;6cedeae2-3f7a-4e3c-ab30-9f325ae9a24b&#8220; text_text_color=&#8220;#000000&#8243; header_text_color=&#8220;#000000&#8243; hover_enabled=&#8220;0&#8243; locked=&#8220;off&#8220; global_colors_info=&#8220;{}&#8220; sticky_enabled=&#8220;0&#8243;]<\/p>\n<p>Ein modernes Ticketsystem erlaubt Ihre Anfragen schnell, strukturiert und transparent zu bearbeiten.<\/p>\n<p>[\/et_pb_text][et_pb_text _builder_version=&#8220;4.20.0&#8243; _module_preset=&#8220;8d2ae6b5-ac91-4efc-842e-c7d5ee692ae3&#8243; link_font=&#8220;||||on||||&#8220; link_text_color=&#8220;#000000&#8243; locked=&#8220;off&#8220; global_colors_info=&#8220;{}&#8220;]<\/p>\n<p><a href=\"https:\/\/zammad.uni-ak.ac.at\" target=\"_blank\" rel=\"noopener\">https:\/\/zammad.uni-ak.ac.at<\/a><\/p>\n<p>[\/et_pb_text][\/et_pb_column][et_pb_column type=&#8220;1_3&#8243; _builder_version=&#8220;4.19.2&#8243; _module_preset=&#8220;default&#8220; use_background_color_gradient=&#8220;on&#8220; background_color_gradient_direction=&#8220;210deg&#8220; background_color_gradient_stops=&#8220;rgba(255,255,255,0.1) 20%|rgba(255,255,255,0) 70%&#8220; custom_padding=&#8220;30px|30px|30px|30px|true|true&#8220; custom_padding_tablet=&#8220;30px|30px|30px|30px|true|true&#8220; custom_padding_phone=&#8220;20px|20px|20px|20px|true|true&#8220; custom_padding_last_edited=&#8220;on|desktop&#8220; border_radii=&#8220;on|30px|30px|30px|30px&#8220; box_shadow_style=&#8220;preset4&#8243; box_shadow_horizontal=&#8220;22px&#8220; box_shadow_vertical=&#8220;2px&#8220; box_shadow_blur=&#8220;80px&#8220; box_shadow_spread=&#8220;-12px&#8220; box_shadow_color=&#8220;rgba(9,9,21,0.35)&#8220; global_colors_info=&#8220;{}&#8220; transform_styles__hover_enabled=&#8220;on|hover&#8220; transform_scale__hover=&#8220;104%|104%&#8220; transform_scale__hover_enabled=&#8220;on|hover&#8220; transform_translate__hover_enabled=&#8220;on|desktop&#8220; transform_rotate__hover_enabled=&#8220;on|desktop&#8220; transform_skew__hover_enabled=&#8220;on|desktop&#8220; transform_origin__hover_enabled=&#8220;on|desktop&#8220;][et_pb_blurb use_icon=&#8220;on&#8220; font_icon=&#8220;&#xf5a0;||fa||900&#8243; icon_color=&#8220;#000000&#8243; _builder_version=&#8220;4.20.0&#8243; _module_preset=&#8220;dc4f2a60-773e-445d-845a-e8885fcc51dc&#8220; custom_margin=&#8220;||0px||false|false&#8220; locked=&#8220;off&#8220; global_colors_info=&#8220;{}&#8220;][\/et_pb_blurb][et_pb_text _builder_version=&#8220;4.20.0&#8243; _module_preset=&#8220;93462090-e93f-4cdd-961d-1459e8f3c1d9&#8243; header_text_color=&#8220;#000000&#8243; header_4_text_color=&#8220;#000000&#8243; custom_margin=&#8220;||0px||false|false&#8220; locked=&#8220;off&#8220; global_colors_info=&#8220;{}&#8220;]<\/p>\n<h4>Vor Ort<\/h4>\n<p>[\/et_pb_text][et_pb_text _builder_version=&#8220;4.20.0&#8243; _module_preset=&#8220;6cedeae2-3f7a-4e3c-ab30-9f325ae9a24b&#8220; text_text_color=&#8220;#000000&#8243; min_height=&#8220;78.6px&#8220; locked=&#8220;off&#8220; global_colors_info=&#8220;{}&#8220;]<\/p>\n<p>Pers\u00f6nliche Beratung und Hilfestellung.<\/p>\n<p>[\/et_pb_text][et_pb_text _builder_version=&#8220;4.20.0&#8243; _module_preset=&#8220;8d2ae6b5-ac91-4efc-842e-c7d5ee692ae3&#8243; text_text_color=&#8220;#000000&#8243; link_font=&#8220;||||on||||&#8220; link_text_color=&#8220;#000000&#8243; min_height=&#8220;48.8px&#8220; locked=&#8220;off&#8220; global_colors_info=&#8220;{}&#8220;]<\/p>\n<p>Rosenbursenstra\u00dfe 3<\/p>\n<p>(Georg-Coch-Platz 2, Hochp.)<\/p>\n<p>[\/et_pb_text][\/et_pb_column][\/et_pb_row][\/et_pb_section][et_pb_section fb_built=&#8220;1&#8243; disabled_on=&#8220;on|on|on&#8220; admin_label=&#8220;FAQ&#8220; _builder_version=&#8220;4.20.4&#8243; _module_preset=&#8220;default&#8220; background_color=&#8220;gcid-f4456b1a-3981-4d56-b88c-d51786b63b7b&#8220; disabled=&#8220;on&#8220; saved_tabs=&#8220;all&#8220; collapsed=&#8220;on&#8220; global_colors_info=&#8220;{%22gcid-f4456b1a-3981-4d56-b88c-d51786b63b7b%22:%91%22background_color%22%93}&#8220;][et_pb_row column_structure=&#8220;1_3,2_3&#8243; _builder_version=&#8220;4.19.2&#8243; _module_preset=&#8220;default&#8220; global_colors_info=&#8220;{}&#8220;][et_pb_column type=&#8220;1_3&#8243; _builder_version=&#8220;4.19.2&#8243; _module_preset=&#8220;default&#8220; custom_padding_tablet=&#8220;||30px||false|false&#8220; custom_padding_phone=&#8220;&#8220; custom_padding_last_edited=&#8220;on|tablet&#8220; global_colors_info=&#8220;{}&#8220;][et_pb_text _builder_version=&#8220;4.20.0&#8243; _module_preset=&#8220;5f1b0cc5-ec9e-4d7e-9a7d-fc2107a74663&#8243; custom_margin=&#8220;||10px||false|false&#8220; global_colors_info=&#8220;{}&#8220;]<\/p>\n<h3>Frequently Asked Questions<\/h3>\n<p>[\/et_pb_text][et_pb_text _builder_version=&#8220;4.19.2&#8243; _module_preset=&#8220;6cedeae2-3f7a-4e3c-ab30-9f325ae9a24b&#8220; global_colors_info=&#8220;{}&#8220;]Vestibulum ante ipsum primis in faucibus orci luctus et ultrices posuere cubilia Curae; Donec velit neque.[\/et_pb_text][et_pb_button button_text=&#8220;Contact Us&#8220; _builder_version=&#8220;4.19.2&#8243; _module_preset=&#8220;b7f96072-27b2-4fd4-9bd8-f50231813a5e&#8220; button_bg_color=&#8220;gcid-9ca9a1c3-8804-41cc-bf70-11d668303800&#8243; button_icon=&#8220;&#xf061;||fa||900&#8243; global_colors_info=&#8220;{%22gcid-9ca9a1c3-8804-41cc-bf70-11d668303800%22:%91%22button_bg_color%22%93}&#8220;][\/et_pb_button][\/et_pb_column][et_pb_column type=&#8220;2_3&#8243; _builder_version=&#8220;4.19.2&#8243; _module_preset=&#8220;default&#8220; global_colors_info=&#8220;{}&#8220;][et_pb_text _builder_version=&#8220;4.19.2&#8243; _module_preset=&#8220;93462090-e93f-4cdd-961d-1459e8f3c1d9&#8243; custom_margin=&#8220;||0px||false|false&#8220; global_colors_info=&#8220;{}&#8220;]<\/p>\n<h4>Lorem ipsum dolor sit amet?<\/h4>\n<p>[\/et_pb_text][et_pb_text _builder_version=&#8220;4.19.2&#8243; _module_preset=&#8220;6cedeae2-3f7a-4e3c-ab30-9f325ae9a24b&#8220; global_colors_info=&#8220;{}&#8220;]Lorem ipsum dolor sit amet, consectetur adipiscing elit. Donec sed finibus nisi, sed dictum eros. Quisque aliquet velit sit amet sem interdum faucibus. In feugiat aliquet mollis. Etiam tincidunt ligula ut hendrerit semper. Quisque luctus lectus non turpis bibendum posuere. Morbi tortor nibh, fringilla sed pretium sit amet, pharetra non ex. Fusce vel egestas nisl.[\/et_pb_text][et_pb_text _builder_version=&#8220;4.19.2&#8243; _module_preset=&#8220;93462090-e93f-4cdd-961d-1459e8f3c1d9&#8243; custom_margin=&#8220;||0px||false|false&#8220; global_colors_info=&#8220;{}&#8220;]<\/p>\n<h4>Donec sed finibus nisi?<\/h4>\n<p>[\/et_pb_text][et_pb_text _builder_version=&#8220;4.19.2&#8243; _module_preset=&#8220;6cedeae2-3f7a-4e3c-ab30-9f325ae9a24b&#8220; global_colors_info=&#8220;{}&#8220;]Curabitur non bibendum ligula. In non pulvinar purus. Curabitur nisi odio, blandit et elit at, suscipit pharetra elit. Fusce ut mauris quam. Quisque lacinia quam eu commodo mollis. Praesent nisl massa, ultrices vitae ornare sit amet, ultricies eget orci.[\/et_pb_text][et_pb_text _builder_version=&#8220;4.19.2&#8243; _module_preset=&#8220;93462090-e93f-4cdd-961d-1459e8f3c1d9&#8243; custom_margin=&#8220;||0px||false|false&#8220; global_colors_info=&#8220;{}&#8220;]<\/p>\n<h4>Quisque aliquet velit sit amet?<\/h4>\n<p>[\/et_pb_text][et_pb_text _builder_version=&#8220;4.19.2&#8243; _module_preset=&#8220;6cedeae2-3f7a-4e3c-ab30-9f325ae9a24b&#8220; global_colors_info=&#8220;{}&#8220;]Luctus lectus non quisque turpis bibendum posuere. Morbi tortor nibh, fringilla sed pretium sit amet. Nisl massa, ultrices vitae ornare sit amet, ultricies eget orci. Sed vitae nulla et justo pellentesque congue nec eu risus.[\/et_pb_text][et_pb_text _builder_version=&#8220;4.19.2&#8243; _module_preset=&#8220;93462090-e93f-4cdd-961d-1459e8f3c1d9&#8243; custom_margin=&#8220;||0px||false|false&#8220; global_colors_info=&#8220;{}&#8220;]<\/p>\n<h4>Morbi tortor nibh fringilla?<\/h4>\n<p>[\/et_pb_text][et_pb_text _builder_version=&#8220;4.19.2&#8243; _module_preset=&#8220;6cedeae2-3f7a-4e3c-ab30-9f325ae9a24b&#8220; global_colors_info=&#8220;{}&#8220;]Suspendisse sagittis lorem accumsan convallis pharetra. Praesent ex ante, placerat quis purus a, tempor consectetur lorem. Integer accumsan pharetra orci nec tempor. Quisque mollis vel enim a facilisis. Aliquam ornare nunc nibh, sit amet porta diam pretium in. Cras et velit faucibus, dignissim tellus at.[\/et_pb_text][\/et_pb_column][\/et_pb_row][\/et_pb_section][et_pb_section fb_built=&#8220;1&#8243; admin_label=&#8220;Footer&#8220; _builder_version=&#8220;4.18.1&#8243; _module_preset=&#8220;default&#8220; background_color=&#8220;#000000&#8243; custom_margin=&#8220;||||false|false&#8220; saved_tabs=&#8220;all&#8220; global_colors_info=&#8220;{}&#8220;][et_pb_row column_structure=&#8220;1_4,1_4,1_4,1_4&#8243; use_custom_gutter=&#8220;on&#8220; gutter_width=&#8220;1&#8243; make_equal=&#8220;on&#8220; _builder_version=&#8220;4.19.5&#8243; _module_preset=&#8220;default&#8220; max_width=&#8220;1440px&#8220; custom_margin=&#8220;-90px||||false|false&#8220; custom_padding=&#8220;0px||||false|false&#8220; global_colors_info=&#8220;{}&#8220;][et_pb_column type=&#8220;1_4&#8243; _builder_version=&#8220;4.19.5&#8243; _module_preset=&#8220;default&#8220; background_color=&#8220;#444444&#8243; background_image=&#8220;https:\/\/zid-test-04.uni-ak.ac.at\/wp-content\/uploads\/2022\/11\/high-school_17.png&#8220; background_size=&#8220;initial&#8220; background_position=&#8220;top_right&#8220; background_repeat=&#8220;repeat-y&#8220; custom_padding=&#8220;40px|40px|40px|20px|true|false&#8220; custom_padding_tablet=&#8220;40px||40px||true|false&#8220; custom_padding_phone=&#8220;30px|20px|30px|20px|true|true&#8220; custom_padding_last_edited=&#8220;off|desktop&#8220; global_colors_info=&#8220;{}&#8220;][et_pb_text _builder_version=&#8220;4.16&#8243; _module_preset=&#8220;5c989a74-8649-4b9a-a4a2-6d2b8ae2551c&#8220; header_4_font=&#8220;Roboto|700||on|||||&#8220; header_4_text_color=&#8220;rgba(255,255,255,0.5)&#8220; header_4_font_size=&#8220;12px&#8220; header_4_letter_spacing=&#8220;3px&#8220; header_4_line_height=&#8220;1.5em&#8220; custom_margin=&#8220;||0px||false|false&#8220; custom_margin_tablet=&#8220;30px||||false|false&#8220; custom_margin_phone=&#8220;20px||||false|false&#8220; custom_margin_last_edited=&#8220;off|desktop&#8220; locked=&#8220;off&#8220; global_colors_info=&#8220;{}&#8220;]<\/p>\n<h4>Zeiten<\/h4>\n<p>[\/et_pb_text][et_pb_text _builder_version=&#8220;4.16&#8243; _module_preset=&#8220;c2a3d585-c259-4e5a-8faa-710c0e634348&#8243; text_font=&#8220;Roboto|500|||||||&#8220; text_text_color=&#8220;#FFFFFF&#8220; text_font_size=&#8220;16px&#8220; text_line_height=&#8220;1.6em&#8220; header_5_text_color=&#8220;#FFFFFF&#8220; header_5_line_height=&#8220;1.8em&#8220; text_font_size_tablet=&#8220;15px&#8220; text_font_size_phone=&#8220;14px&#8220; text_font_size_last_edited=&#8220;on|desktop&#8220; header_font_size_tablet=&#8220;55px&#8220; header_font_size_last_edited=&#8220;off|desktop&#8220; locked=&#8220;off&#8220; global_colors_info=&#8220;{}&#8220;]<\/p>\n<p>M-F: 8:00 &#8211; 16:00<\/p>\n<p>[\/et_pb_text][\/et_pb_column][et_pb_column type=&#8220;1_4&#8243; _builder_version=&#8220;4.19.5&#8243; _module_preset=&#8220;default&#8220; background_color=&#8220;#282828&#8243; background_image=&#8220;https:\/\/zid-test-04.uni-ak.ac.at\/wp-content\/uploads\/2022\/11\/high-school_17.png&#8220; background_size=&#8220;initial&#8220; background_position=&#8220;top_right&#8220; background_repeat=&#8220;repeat-y&#8220; custom_padding=&#8220;40px|40px|40px|20px|true|false&#8220; global_colors_info=&#8220;{}&#8220;][et_pb_text _builder_version=&#8220;4.16&#8243; _module_preset=&#8220;5c989a74-8649-4b9a-a4a2-6d2b8ae2551c&#8220; header_4_font=&#8220;Roboto|700||on|||||&#8220; header_4_text_color=&#8220;rgba(255,255,255,0.5)&#8220; header_4_font_size=&#8220;12px&#8220; header_4_letter_spacing=&#8220;3px&#8220; header_4_line_height=&#8220;1.5em&#8220; custom_margin=&#8220;||0px||false|false&#8220; locked=&#8220;off&#8220; global_colors_info=&#8220;{}&#8220;]<\/p>\n<h4>Addresse<\/h4>\n<p>[\/et_pb_text][et_pb_text _builder_version=&#8220;4.16&#8243; _module_preset=&#8220;c2a3d585-c259-4e5a-8faa-710c0e634348&#8243; text_font=&#8220;Roboto|500|||||||&#8220; text_text_color=&#8220;#FFFFFF&#8220; text_font_size=&#8220;16px&#8220; text_line_height=&#8220;1.6em&#8220; header_5_text_color=&#8220;#FFFFFF&#8220; header_5_line_height=&#8220;1.8em&#8220; text_font_size_tablet=&#8220;15px&#8220; text_font_size_phone=&#8220;14px&#8220; text_font_size_last_edited=&#8220;on|desktop&#8220; header_font_size_tablet=&#8220;55px&#8220; header_font_size_last_edited=&#8220;off|desktop&#8220; locked=&#8220;off&#8220; global_colors_info=&#8220;{}&#8220;]<\/p>\n<p>Georg-Coch-Platz 2, 1010 Wien<\/p>\n<p>[\/et_pb_text][\/et_pb_column][et_pb_column type=&#8220;1_4&#8243; _builder_version=&#8220;4.19.5&#8243; _module_preset=&#8220;default&#8220; background_color=&#8220;#444444&#8243; background_image=&#8220;https:\/\/zid-test-04.uni-ak.ac.at\/wp-content\/uploads\/2022\/11\/high-school_17.png&#8220; background_size=&#8220;initial&#8220; background_position=&#8220;top_right&#8220; background_repeat=&#8220;repeat-y&#8220; custom_padding=&#8220;40px|40px|40px|20px|true|false&#8220; global_colors_info=&#8220;{}&#8220;][et_pb_text _builder_version=&#8220;4.16&#8243; _module_preset=&#8220;5c989a74-8649-4b9a-a4a2-6d2b8ae2551c&#8220; header_4_font=&#8220;Roboto|700||on|||||&#8220; header_4_text_color=&#8220;rgba(255,255,255,0.5)&#8220; header_4_font_size=&#8220;12px&#8220; header_4_letter_spacing=&#8220;3px&#8220; header_4_line_height=&#8220;1.5em&#8220; custom_margin=&#8220;||0px||false|false&#8220; locked=&#8220;off&#8220; global_colors_info=&#8220;{}&#8220;]<\/p>\n<h4>Email<\/h4>\n<p>[\/et_pb_text][et_pb_text _builder_version=&#8220;4.16&#8243; _module_preset=&#8220;c2a3d585-c259-4e5a-8faa-710c0e634348&#8243; text_font=&#8220;Roboto|500|||||||&#8220; text_text_color=&#8220;#FFFFFF&#8220; text_font_size=&#8220;16px&#8220; text_line_height=&#8220;1.6em&#8220; link_text_color=&#8220;#FFFFFF&#8220; header_5_text_color=&#8220;#FFFFFF&#8220; header_5_line_height=&#8220;1.8em&#8220; text_font_size_tablet=&#8220;15px&#8220; text_font_size_phone=&#8220;14px&#8220; text_font_size_last_edited=&#8220;on|desktop&#8220; header_font_size_tablet=&#8220;55px&#8220; header_font_size_last_edited=&#8220;off|desktop&#8220; locked=&#8220;off&#8220; global_colors_info=&#8220;{}&#8220;]<\/p>\n<p>helpdesk@uni-ak.ac.at<\/p>\n<p>[\/et_pb_text][\/et_pb_column][et_pb_column type=&#8220;1_4&#8243; _builder_version=&#8220;4.19.5&#8243; _module_preset=&#8220;default&#8220; background_color=&#8220;#282828&#8243; background_image=&#8220;https:\/\/zid-test-04.uni-ak.ac.at\/wp-content\/uploads\/2022\/11\/high-school_17.png&#8220; background_size=&#8220;initial&#8220; background_position=&#8220;top_right&#8220; background_repeat=&#8220;repeat-y&#8220; custom_padding=&#8220;40px|40px|40px|20px|true|false&#8220; global_colors_info=&#8220;{}&#8220;][et_pb_text _builder_version=&#8220;4.16&#8243; _module_preset=&#8220;5c989a74-8649-4b9a-a4a2-6d2b8ae2551c&#8220; header_4_font=&#8220;Roboto|700||on|||||&#8220; header_4_text_color=&#8220;rgba(255,255,255,0.5)&#8220; header_4_font_size=&#8220;12px&#8220; header_4_letter_spacing=&#8220;3px&#8220; header_4_line_height=&#8220;1.5em&#8220; custom_margin=&#8220;||0px||false|false&#8220; custom_margin_last_edited=&#8220;off|desktop&#8220; locked=&#8220;off&#8220; global_colors_info=&#8220;{}&#8220;]<\/p>\n<h4>Phone<\/h4>\n<p>[\/et_pb_text][et_pb_text _builder_version=&#8220;4.16&#8243; _module_preset=&#8220;c2a3d585-c259-4e5a-8faa-710c0e634348&#8243; text_font=&#8220;Roboto|500|||||||&#8220; text_text_color=&#8220;#FFFFFF&#8220; text_font_size=&#8220;16px&#8220; text_line_height=&#8220;1.6em&#8220; link_text_color=&#8220;#FFFFFF&#8220; header_5_text_color=&#8220;#FFFFFF&#8220; header_5_line_height=&#8220;1.8em&#8220; text_font_size_tablet=&#8220;15px&#8220; text_font_size_phone=&#8220;14px&#8220; text_font_size_last_edited=&#8220;on|desktop&#8220; header_font_size_tablet=&#8220;55px&#8220; header_font_size_last_edited=&#8220;off|desktop&#8220; locked=&#8220;off&#8220; global_colors_info=&#8220;{}&#8220;]<\/p>\n<p>+43 1 711 33 2107<\/p>\n<p>[\/et_pb_text][\/et_pb_column][\/et_pb_row][\/et_pb_section]<\/p>\n","protected":false},"excerpt":{"rendered":"<p>KontaktWir sind eine umfassende Anlaufstelle f\u00fcr alle Belange rund um die Informationstechnologie und stehen Ihnen mit Rat und Tat zur Seite. Egal, ob Sie technische Unterst\u00fctzung ben\u00f6tigen, sich \u00fcber unsere Dienstleistungen informieren m\u00f6chten oder einfach eine Anregung haben &#8211; unser freundliches und kompetentes Team freut sich darauf, Ihnen weiterzuhelfen. Z\u00f6gern Sie nicht, uns zu kontaktieren, [&hellip;]<\/p>\n","protected":false},"author":1,"featured_media":0,"parent":0,"menu_order":0,"comment_status":"closed","ping_status":"closed","template":"","meta":{"_et_pb_use_builder":"on","_et_pb_old_content":"","_et_gb_content_width":"","footnotes":""},"class_list":["post-208","page","type-page","status-publish","hentry"],"_links":{"self":[{"href":"https:\/\/zid-test-04.uni-ak.ac.at\/index.php\/wp-json\/wp\/v2\/pages\/208","targetHints":{"allow":["GET"]}}],"collection":[{"href":"https:\/\/zid-test-04.uni-ak.ac.at\/index.php\/wp-json\/wp\/v2\/pages"}],"about":[{"href":"https:\/\/zid-test-04.uni-ak.ac.at\/index.php\/wp-json\/wp\/v2\/types\/page"}],"author":[{"embeddable":true,"href":"https:\/\/zid-test-04.uni-ak.ac.at\/index.php\/wp-json\/wp\/v2\/users\/1"}],"replies":[{"embeddable":true,"href":"https:\/\/zid-test-04.uni-ak.ac.at\/index.php\/wp-json\/wp\/v2\/comments?post=208"}],"version-history":[{"count":10,"href":"https:\/\/zid-test-04.uni-ak.ac.at\/index.php\/wp-json\/wp\/v2\/pages\/208\/revisions"}],"predecessor-version":[{"id":6203,"href":"https:\/\/zid-test-04.uni-ak.ac.at\/index.php\/wp-json\/wp\/v2\/pages\/208\/revisions\/6203"}],"wp:attachment":[{"href":"https:\/\/zid-test-04.uni-ak.ac.at\/index.php\/wp-json\/wp\/v2\/media?parent=208"}],"curies":[{"name":"wp","href":"https:\/\/api.w.org\/{rel}","templated":true}]}}